{"id":66,"date":"2025-12-26T12:10:46","date_gmt":"2025-12-26T12:10:46","guid":{"rendered":"https:\/\/kimple-fishing-cup.com\/?page_id=66"},"modified":"2026-02-03T15:04:44","modified_gmt":"2026-02-03T15:04:44","slug":"reglement-du-concours","status":"publish","type":"page","link":"https:\/\/kimple-fishing-cup.com\/index.php\/reglement-du-concours\/","title":{"rendered":"R\u00e8glement du concours"},"content":{"rendered":"\t\t<div data-elementor-type=\"wp-page\" data-elementor-id=\"66\" class=\"elementor elementor-66\" data-elementor-post-type=\"page\">\n\t\t\t\t<div class=\"elementor-element elementor-element-80118b8 e-con-full e-flex e-con e-parent\" data-id=\"80118b8\" data-element_type=\"container\">\n\t\t<div class=\"elementor-element elementor-element-2979eb2 e-flex e-con-boxed e-con e-child\" data-id=\"2979eb2\" data-element_type=\"container\">\n\t\t\t\t\t<div class=\"e-con-inner\">\n\t\t\t\t<div class=\"elementor-element elementor-element-42e3119 elementor-widget elementor-widget-text-editor\" data-id=\"42e3119\" data-element_type=\"widget\" data-widget_type=\"text-editor.default\">\n\t\t\t\t\t\t\t\t\t<h1>R\u00e8glement du concours<\/h1><p><span style=\"font-size: 16px;\">\u2014\u00a0 2 cat\u00e9gories<\/span><\/p><ul><li>Cat\u00e9gorie 1 : 20 \u00e9quipes de 2 personnes avec barque Kimple avec technologie live.<\/li><li>Cat\u00e9gorie 2 : 20 \u00e9quipes de 2 personnes avec barque Kimple sans technologie live.<\/li><\/ul><ul><li style=\"list-style-type: none;\"><ul><li style=\"list-style-type: none;\"><ul><li style=\"list-style-type: none;\"><ul><li>Un contr\u00f4le sera fait sur chaque bateau avant le d\u00e9part pour v\u00e9rifier ou la pr\u00e9sence ou non de sonde live ( Une fois le bateau contr\u00f4l\u00e9, aucun objet ne pourra \u00eatre charg\u00e9 \u00e0 bord (sac, glaci\u00e8res, cannes, \u2026.)<\/li><li>Aucune sonde LIVE (m\u00eame d\u00e9branch\u00e9e ou d\u00e9connect\u00e9e) ne sera autoris\u00e9e pour les bateaux de la cat\u00e9gorie 2 sans technologie live mais les sondes classiques comme 2D sont autoris\u00e9es.<\/li><li>L&rsquo;\u00e9quipage comprend au maximum 2 p\u00eacheurs, un adulte doit obligatoirement accompagner un mineur.\u00a0<\/li><\/ul><\/li><\/ul><\/li><\/ul><\/li><\/ul><p>\u2014\u00a0 Le total des longueurs cumul\u00e9es fait le classement par bateau<\/p><ul><li style=\"list-style-type: none;\"><ul><li style=\"list-style-type: none;\"><ul><li style=\"list-style-type: none;\"><ul><li>3 poissons comptabilis\u00e9s par jour par bateau pour le brochet, sandre et la perche<\/li><li>1 poisson comptabilis\u00e9 par jour pour le silure<\/li><li>Maximum 2 poissons vivants par barque \u00e0 aller faire enregistrer aupr\u00e8s des commissaires juges qui se situeront aux points de contr\u00f4les<\/li><\/ul><\/li><\/ul><\/li><\/ul><\/li><\/ul><p>\u2014\u00a0 Seuls les leurres sont autoris\u00e9s, les app\u00e2ts naturels sont interdits.<\/p><p>\u2014\u00a0 Les concurrents ne peuvent d\u00e9tenir et utiliser de la p\u00e2te, de la farine ou de l\u2019amorce destin\u00e9e \u00e0 concentrer le poisson. L\u2019usage de produits attractants destin\u00e9s aux carnassiers et appliqu\u00e9s sur les leurres est autoris\u00e9<\/p><p>\u2014\u00a0 Le concours se d\u00e9roule en \u201c NO KILL\u201d<\/p><p>\u2014\u00a0 Le pr\u00e9 fishing sur le Lac de Pareloup est interdite aux participants 8 jours avant le d\u00e9but du concours soit du vendredi 15 mai au vendredi 22 mai. Tout participant ne respectant pas cette clause sera disqualifi\u00e9 et les droits d\u2019engagement ne seront pas rembours\u00e9s.<\/p><p>\u2014\u00a0 Lors du retrait des kits participants, deux autocollants num\u00e9rot\u00e9s seront remis \u00e0 chaque \u00e9quipage. Ils devront \u00eatre appos\u00e9s de chaque c\u00f4t\u00e9 du moteur du bateau et seront gard\u00e9s pour le deux jours de comp\u00e9tition.<\/p><h2>1\/ Horaires<\/h2><p>\u2013 Samedi 23 mai : de 9h30 \u00e0 17h00<\/p><p>\u2013 Dimanche 24 mai : de 8h30 \u00e0 16h30<\/p><h2>2\/ Taille minimale et mesure des poissons<\/h2><p>\u2014\u00a0 La mesure du poisson s\u2019effectue suivant les prescriptions l\u00e9gales : du bout de la gueule ferm\u00e9e \u00e0 l\u2019extr\u00e9mit\u00e9 de la queue d\u00e9ploy\u00e9e<\/p><p>\u2014\u00a0 C&rsquo;est le concurrent qui manipule le poisson, sous son enti\u00e8re responsabilit\u00e9, lors du contr\u00f4le par les commissaires. La mesure sera faite par le p\u00eacheur lui-m\u00eame sur son bateau sur une toise rigide fournie par le commissaire juge sous regard du commissaire<\/p><p>\u2014\u00a0 Tous les poissons maill\u00e9s seront comptabilis\u00e9s tels que 1 cm = 1 point (les commissaires arrondiront les mesures au centim\u00e8tre inf\u00e9rieur tel que 60.8 cm = 60 points)<\/p><p>\u2014\u00a0 Les mailles des poissons sont celles en vigueur dans la Kimple Fishing Cup \u00e0 savoir\u00a0:<\/p><ul><li style=\"list-style-type: none;\"><ul><li style=\"list-style-type: none;\"><ul><li style=\"list-style-type: none;\"><ul><li>50 cm pour le brochet<\/li><li>40 cm pour le sandre<\/li><li>25 cm pour la perche<\/li><li>80 cm pour le silure<\/li><\/ul><\/li><\/ul><\/li><\/ul><\/li><\/ul><p>\u2014\u00a0 Les commissaires juges seront en embarcation sur le plan d\u2019eau avec un drapeau orange Kimple et un gilet rouge<\/p><p>\u2014\u00a0 Les poissons non maill\u00e9s ne seront pas comptabilis\u00e9s<\/p><p>\u2014\u00a0 Pour le classement, seuls les poissons vivants seront comptabilis\u00e9s. Ils devront \u00eatre remis \u00e0 l&rsquo;eau obligatoirement apr\u00e8s contr\u00f4le. Le poisson est consid\u00e9r\u00e9 comme mort quand il demeure sur le flan apr\u00e8s r\u00e9oxyg\u00e9nation. Dans ce cas, il sera r\u00e9cup\u00e9r\u00e9 par les commissaires<\/p><h2>3\/ Contr\u00f4le et enregistrement<\/h2><p>\u2014\u00a0 A chaque prise maill\u00e9e (maximum 2 poissons vivants sur le bateau), le participant devra rejoindre un bateau de commissaire juge pour la mesure de la prise et l\u2019enregistrement de la mesure<\/p><p>\u2014\u00a0 Les poissons seront pris en photo par les commissaires juges avec l\u2019heure de photo, le nom et num\u00e9ro d\u2019\u00e9quipe et retranscrits sur papier pour \u00e9viter toutes contestations<\/p><p>\u2014\u00a0 Si un poisson a \u00e9t\u00e9 captur\u00e9 avant le signal sonore de fin mais n\u2019a pas pu \u00eatre mesur\u00e9 par les commissaires juges (file attente, commissaires trop \u00e9loign\u00e9s, \u2026), les participants pourront faire homologuer ce poisson par le commissaire juge 15 min apr\u00e8s la fin de manche. Le bateau du commissaire juge sera bas\u00e9 au<br \/>large afin de faciliter le contr\u00f4le.<\/p><p>\u2014\u00a0 Pour cela, il faudra faire la preuve de la capture du poisson avant la fin de la manche :<\/p><p>\u2014\u00a0 Par un appel t\u00e9l\u00e9phonique au commissaire juge pour l\u2019informer de la prise avant l\u2019horaire de la fin de la manche, sp\u00e9cifier type de poisson, taille (qui sera v\u00e9rifi\u00e9e par le commissaire principal avec la goulotte officielle) et num\u00e9ro bateau.<\/p><p>\u2014\u00a0 Et par la prise d\u2019une photo du poisson avec pr\u00e9sence de la fiche \u00abp\u00eacheur\u00bb lisible (fiche qui est remise en d\u00e9but de manche) de la date et de l\u2019horaire.<\/p><p>\u2014\u00a0 Le poisson devra respecter les r\u00e8gles \u00e9nonc\u00e9es pr\u00e9c\u00e9demment pour \u00eatre comptabilis\u00e9 et la photo sera demand\u00e9e.<\/p><p>\u2014\u00a0 Le commissaire juge se r\u00e9serve le droit de refuser un poisson qui ne rentrerait pas dans ces crit\u00e8res ou qui arriverait apr\u00e8s les 15 min r\u00e8glementaires.<\/p><p>\u2014\u00a0 Aucun \u00e9quipage ne pourra faire comptabiliser un poisson par les commissaires juges bas\u00e9s sur l\u2019eau apr\u00e8s le signal de la fin de la manche, m\u00eame si l\u2019\u00e9quipage est arriv\u00e9 avant le signal et se trouve dans la file d\u2019attente.<\/p><p>\u2013 Il devra le faire contr\u00f4ler suivant la proc\u00e9dure pr\u00e9c\u00e9demment \u00e9nonc\u00e9e avant le d\u00e9part de chaque manche les concurrents devront faire valider (apposition de gommette) la fiche de contr\u00f4le et faire v\u00e9rifier leur embarcation aupr\u00e8s du commissaire juge.<\/p><p>\u2014\u00a0 Les commissaires juges sont habilit\u00e9s :<\/p><ul><li style=\"list-style-type: none;\"><ul><li style=\"list-style-type: none;\"><ul>\u2014\u00a0 et \u00e0 disqualifier imm\u00e9diatement les concurrents ne respectant pas le r\u00e8glement du Challenge apr\u00e8s consultation du commissaire juge.<\/ul><ul>\u2014\u00a0 \u00e0 faire relever les lignes \u00e0 tout moment<\/ul><ul>\u2014\u00a0 \u00e0 contr\u00f4ler les bateaux durant toute la dur\u00e9e du concours<\/ul><\/li><\/ul><\/li><\/ul><p>\u2014\u00a0 A la fin de chaque manche, le commissaire juge se tiendra \u00e0 disposition des concurrents pour tout litiges et ceci pour une dur\u00e9e de 30 minutes. De m\u00eame, pour des faits ayant \u00e9t\u00e9 constat\u00e9s par les concurrents lors du concours, la r\u00e9clamation devra \u00eatre faite aupr\u00e8s d\u2019un commissaire juge pr\u00e9sent sur l\u2019eau ou aupr\u00e8s du commissaire juge durant la dur\u00e9e de la manche. Ces derniers seront les seules habilit\u00e9s \u00e0 juger et \u00e0 prendre une d\u00e9cision. Dans le cadre d\u2019une r\u00e9clamation, le demandeur devra apporter la preuve (photo \u2013 film etc..) \u00e0 l\u2019organisateur qui jugera de la v\u00e9racit\u00e9 de la demande. Quand une r\u00e9clamation est jug\u00e9e, aucune<br \/>contestation ne sera plus possible.<br \/>Rappel : Seuls les poissons d\u00e9clar\u00e9s et mesur\u00e9s par les contr\u00f4leurs seront valid\u00e9s. La mesure du contr\u00f4leur est souveraine et ne pourra pas \u00eatre contest\u00e9e<\/p><h2>4\/ Modes de p\u00eache<\/h2><ul><li style=\"list-style-type: none;\"><ul><li style=\"list-style-type: none;\">\u2013 Le concours se pratique en \u00e9quipe de 2 et en \u00ab No-Kill \u00bb (obligation de remettre le poisson \u00e0 l\u2019eau vivant)<\/li><\/ul><\/li><\/ul><ul><li style=\"list-style-type: none;\"><ul>\u2013 Une distance de 50 m\u00e8tres devra n\u00e9anmoins s\u00e9parer les diff\u00e9rents utilisateurs.<\/ul><\/li><\/ul><ul><li style=\"list-style-type: none;\"><ul>\u2013 Les leurres seront munis de deux hame\u00e7ons maximum (deux triples autoris\u00e9s).<\/ul><\/li><\/ul><ul><li style=\"list-style-type: none;\"><ul>\u2013 L&rsquo;action de p\u00eache doit s\u2019exercer exclusivement en bateau.<\/ul><\/li><\/ul><ul><li style=\"list-style-type: none;\"><ul>\u2013 Une canne par p\u00eacheur en action de p\u00eache, plusieurs cannes accept\u00e9es pour les participants mais une seule en action de p\u00eache.<\/ul><\/li><\/ul><ul><li style=\"list-style-type: none;\"><ul>\u2013 L\u2019utilisation de bourriche est interdite<\/ul><\/li><\/ul><ul><li style=\"list-style-type: none;\"><ul>\u2013 Afin de stocker les 2 prises maximales et ainsi \u00e9viter un va et vient excessif vers les commissaires, des glaci\u00e8res, viviers et bacs avec bulleurs sont autoris\u00e9s et seront contr\u00f4l\u00e9s avant chaque d\u00e9part<\/ul><\/li><\/ul><ul><li style=\"list-style-type: none;\"><ul>\u2013 L\u2019utilisation de \u00ab fish grip \u00bb ou de gaffe est interdite.<\/ul><\/li><\/ul><ul><li style=\"list-style-type: none;\">\u00a0<\/li><\/ul><ul><li style=\"list-style-type: none;\">\u00a0<\/li><\/ul><h2>5\/ S\u00e9curit\u00e9<\/h2><p>Possibilit\u00e9 d\u2019acheter des kits homologu\u00e9s de s\u00e9curit\u00e9 sur place<\/p><ul><li style=\"list-style-type: none;\"><ul>\u2013 Le port du gilet de sauvetage est obligatoire pour participer au concours. Une attention particuli\u00e8re y sera port\u00e9e : tout p\u00eacheur ne respectant pas cette condition ne pourra pas participer au concours ! Aucune d\u00e9rogation ne sera prise en compte !<\/ul><\/li><\/ul><ul><li style=\"list-style-type: none;\"><ul>\u2013 Interdiction de porter des cuissardes, bottes et\/ou wadders<\/ul><\/li><\/ul><ul><li style=\"list-style-type: none;\"><ul>\u2013 Dispositif d\u2019ass\u00e8chement (fixe\u00a0: pompe de calle ou mobile\u00a0: \u00e9cope) pour les bateaux non auto videurs ou ceux comportant au moins un espace habitable<\/ul><\/li><\/ul><ul><li style=\"list-style-type: none;\"><ul>\u2013 Un dispositif de remorquage et d\u2019amarrage, avec au moins un point d\u2019amarrage et une amarre pour assurer ces fonctions<\/ul><\/li><\/ul><ul><li style=\"list-style-type: none;\"><ul>\u2013 Une ligne de mouillage avec ancre appropri\u00e9e \u00e0 la taille du bateau<\/ul><\/li><\/ul><ul><li style=\"list-style-type: none;\"><ul>\u2013 Une lampe torche \u00e9tanche ou un moyen de rep\u00e9rage lumineux\u00a0 individuel port\u00e9 en permanence, par chaque personne embarqu\u00e9e<\/ul><\/li><\/ul><ul><li style=\"list-style-type: none;\"><ul>\u2013 Dispositif de lutte anti incendie<\/ul><\/li><\/ul><ul><li style=\"list-style-type: none;\"><ul>\u2013 Utilisation du coupe-circuit obligatoire sur toute la dur\u00e9e du concours.<\/ul><\/li><\/ul><ul><li style=\"list-style-type: none;\"><ul>\u2013 Il est bien \u00e9videment demand\u00e9 aux concurrents de savoir nager.<\/ul><\/li><\/ul><p><img fetchpriority=\"high\" decoding=\"async\" data-recalc-dims=\"1\" class=\"aligncenter wp-image-69\" src=\"https:\/\/i0.wp.com\/kimple-fishing-cup.com\/wp-content\/uploads\/2025\/12\/equipement.png?resize=500%2C372\" alt=\"\" width=\"500\" height=\"372\" srcset=\"https:\/\/i0.wp.com\/kimple-fishing-cup.com\/wp-content\/uploads\/2025\/12\/equipement.png?w=392&amp;ssl=1 392w, https:\/\/i0.wp.com\/kimple-fishing-cup.com\/wp-content\/uploads\/2025\/12\/equipement.png?resize=300%2C223&amp;ssl=1 300w\" sizes=\"(max-width: 500px) 100vw, 500px\" \/><\/p><ul><li style=\"list-style-type: none;\"><ul>\u2013 Tout participant doit poss\u00e9der sa carte de p\u00eache, l\u2019adh\u00e9sion \u00e0 la FFPS. Une photocopie sera demand\u00e9e \u00e0 l\u2019inscription<\/ul><\/li><\/ul><ul><li style=\"list-style-type: none;\"><ul>\u2013 L\u2019assurance bateau ou RC est obligatoire pour le propri\u00e9taire du bateau. Une attestation d\u2019assurance sera demand\u00e9e \u00e0 l\u2019inscription.<\/ul><\/li><\/ul><ul><li style=\"list-style-type: none;\"><ul>\u2013 Tout dommage caus\u00e9 par un v\u00e9hicule terrestre \u00e0 moteur ou la remorque attel\u00e9e \u00e0 celui-ci sera imput\u00e9e au propri\u00e9taire du v\u00e9hicule impliqu\u00e9 au titre de la RC circulation l\u00e9galement obligatoire.<\/ul><\/li><\/ul><ul><li style=\"list-style-type: none;\"><ul>\u2013 Le propri\u00e9taire du bateau doit \u00eatre en possession des papiers habituels de l&#8217;embarcation ainsi que du permis suivant la l\u00e9gislation en vigueur<\/ul><\/li><\/ul><ul><li style=\"list-style-type: none;\"><ul>\u2013 Un rappel des consignes sera effectu\u00e9 avant chaque d\u00e9part. Pr\u00e9sence obligatoire d\u2019au moins un membre de l\u2019\u00e9quipage. Une fiche de contr\u00f4le sera remise au d\u00e9but de chaque journ\u00e9e. La proc\u00e9dure de d\u00e9part vous sera transmise avant chaque concours<\/ul><\/li><\/ul><ul><li style=\"list-style-type: none;\"><ul>et pourra \u00e9voluer pour des raisons de s\u00e9curit\u00e9.<\/ul><\/li><\/ul><h2>6\/ Fair Play<\/h2><ul><li style=\"list-style-type: none;\"><ul>\u2013 Si votre canne ou votre pr\u00e9sence g\u00eane un concurrent lors d\u2019une prise, il est vivement conseill\u00e9 de vous d\u00e9placer de quelques m\u00e8tres. Nous comptons sur le respect et la citoyennet\u00e9 de chacun.<\/ul><\/li><\/ul><ul><li style=\"list-style-type: none;\"><ul>\u2013 Les pratiquants pourront se d\u00e9placer librement sur l\u2019ensemble du plan d\u2019eau, \u00e0 condition de respecter les p\u00eacheurs avoisinants.<\/ul><\/li><\/ul><ul><li style=\"list-style-type: none;\"><ul>\u2013 En ce qui concerne les concurrents, il est bien entendu qu\u2019aucune p\u00e9nalit\u00e9 ne sera donn\u00e9e en cas d\u2019assistance \u00e0 un autre \u00e9quipage.<\/ul><\/li><\/ul><ul><li style=\"list-style-type: none;\"><ul>Le bateau le plus proche est tenu \u00e0 porter secours \u00e0 un \u00e9quipage en d\u00e9tresse<\/ul><\/li><\/ul><h2>7\/ Sanctions<\/h2><ul><li style=\"list-style-type: none;\"><ul>\u2013 Toute tentative de tricherie entra\u00eenera l\u2019exclusion d\u00e9finitive au concours (\u00e9change de poissons, leurres ou techniques non-autoris\u00e9s).<\/ul><\/li><\/ul><ul><li style=\"list-style-type: none;\"><ul>\u2013 Tout participant en action de p\u00eache avant le signal de d\u00e9part ou apr\u00e8s le signal d\u2019arr\u00eat de la manche sera exclu d\u00e9finitivement du concours.<\/ul><\/li><\/ul><ul><li style=\"list-style-type: none;\"><ul>\u2013 Tout manquement au r\u00e8glement, toute attitude pouvant nuire \u00e0 la bonne image de la p\u00eache (\u00e9tat d\u2019ivresse, abandon de d\u00e9chets au<\/ul><\/li><\/ul><ul><li style=\"list-style-type: none;\"><ul>bord de l\u2019eau, incivilit\u00e9 manifeste envers les promeneurs ou d\u2019autres p\u00eacheurs) entra\u00eenera l\u2019exclusion dudit p\u00eacheur, sans qu\u2019aucun remboursement des frais d\u2019inscription ne puisse \u00eatre r\u00e9clam\u00e9.<\/ul><\/li><\/ul><ul><li style=\"list-style-type: none;\"><ul>\u2013 Il est strictement interdit de descendre du bateau sans en avertir<\/ul><\/li><\/ul><ul><li style=\"list-style-type: none;\"><ul>un commissaire juge par un appel. Si pour une raison ou une autrel\u2019accostage devient une n\u00e9cessit\u00e9 il faut, au pr\u00e9alable, avoir l\u2019accord d\u2019un commissaire juge.<\/ul><\/li><\/ul><ul><li style=\"list-style-type: none;\"><ul>\u2013 Les p\u00eacheurs devront respecter les r\u00e9serves temporaires interdites \u00e0 la p\u00eache. Tout participant se trouvant en zone de r\u00e9serve sera exclu d\u00e9finitivement du concours<\/ul><\/li><\/ul><p><img decoding=\"async\" data-recalc-dims=\"1\" class=\"aligncenter wp-image-70 size-large\" src=\"https:\/\/i0.wp.com\/kimple-fishing-cup.com\/wp-content\/uploads\/2025\/12\/carte-1024x587.png?resize=1024%2C587\" alt=\"\" width=\"1024\" height=\"587\" srcset=\"https:\/\/i0.wp.com\/kimple-fishing-cup.com\/wp-content\/uploads\/2025\/12\/carte.png?resize=1024%2C587&amp;ssl=1 1024w, https:\/\/i0.wp.com\/kimple-fishing-cup.com\/wp-content\/uploads\/2025\/12\/carte.png?resize=300%2C172&amp;ssl=1 300w, https:\/\/i0.wp.com\/kimple-fishing-cup.com\/wp-content\/uploads\/2025\/12\/carte.png?resize=768%2C440&amp;ssl=1 768w, https:\/\/i0.wp.com\/kimple-fishing-cup.com\/wp-content\/uploads\/2025\/12\/carte.png?resize=600%2C344&amp;ssl=1 600w, https:\/\/i0.wp.com\/kimple-fishing-cup.com\/wp-content\/uploads\/2025\/12\/carte.png?w=1070&amp;ssl=1 1070w\" sizes=\"(max-width: 1000px) 100vw, 1000px\" \/><\/p><h2>8\/ Droit \u00e0 l\u2019image<\/h2><ul><li style=\"list-style-type: none;\"><ul>\u2013 L\u2019ensemble des photographies ou vid\u00e9os prises lors du concours pourront \u00eatre utilis\u00e9es par l\u2019organisateur et les partenaires \u00e0 des<\/ul><\/li><\/ul><ul><li style=\"list-style-type: none;\"><ul>fins de communications. Aucune indemnit\u00e9 ou droit \u00e0 l\u2019image ne pourra \u00eatre r\u00e9clam\u00e9e par les participants<\/ul><\/li><\/ul><ul><li style=\"list-style-type: none;\"><ul>\u2013 Tout acte d\u2019intimidation, de manque de courtoisie et\/ou de politesse ou tous actes jug\u00e9s inappropri\u00e9s envers tous membres de l\u2019organisation (b\u00e9n\u00e9voles, commissaires\u2026) sera p\u00e9nalis\u00e9 par l\u2019exclusion de l\u2019\u00e9preuve. Aucune tol\u00e9rance sur les propos tenus diffamants, calomnieux ou infamants tenus sur les r\u00e9seaux sociaux (avant pendant et apr\u00e8s le concours), les organisateurs se r\u00e9servent le droit de refuser une inscription de l\u2019auteur de ces propos<\/ul><\/li><\/ul><h2>9\/ Annulation<\/h2><ul><li style=\"list-style-type: none;\"><ul>\u2013 Toute annulation de la part de l\u2019organisateur avant le 1 er avril 2026 entrainera un remboursement \u00e0 hauteur de 90 % des frais d\u2019inscription<\/ul><\/li><\/ul><ul><li style=\"list-style-type: none;\"><ul>\u2013 Toute annulation de la part de l\u2019organisateur apr\u00e8s le 1 er avril 2026 n\u2019entrainera aucun remboursement<\/ul><\/li><\/ul><h2>10\/ Conditions m\u00e9t\u00e9o<\/h2><ul><li style=\"list-style-type: none;\"><ul>\u2013 Le concours pourra \u00eatre interrompu avant la fin des horaires si les conditions m\u00e9t\u00e9o ne permettent pas la navigation dans les r\u00e8gles de s\u00e9curit\u00e9 (vent \/ brouillard\/ orage)<\/ul><\/li><\/ul><ul><li style=\"list-style-type: none;\"><ul>\u2013 La fin du concours sera alors signifi\u00e9e par une alerte SMS envoy\u00e9e \u00e0 chaque participant ainsi qu\u2019un signal sonore \u00e9mis par chaque commissaire<\/ul><\/li><\/ul><ul><li style=\"list-style-type: none;\"><ul>\u2013 Toutes prises apr\u00e8s le signal ne seront pas comptabilis\u00e9es<\/ul><\/li><\/ul><ul><li style=\"list-style-type: none;\"><ul>\u2013 Si le concours est interrompu pour des raisons de m\u00e9t\u00e9o aucun remboursement ne sera fait<\/ul><\/li><\/ul><p><em><b>LE FAIT DE CONCOURIR ENTRAINE LE RESPECT DU PRESENT REGLEMENT.<br \/>TOUT CONCURRENT PASSANT OUTRE CELUI CI OU CHERCHANT \u00c0 TRICHER DE QUELQUE<br \/>FA\u00c7ON QUE CE SOIT VERRA AUSSITOT SON EQUIPE EXCLUE DU CONCOURS<\/b><\/em><\/p>\t\t\t\t\t\t\t\t<\/div>\n\t\t\t\t<div class=\"elementor-element elementor-element-e5d4a1d elementor-widget elementor-widget-text-editor\" data-id=\"e5d4a1d\" data-element_type=\"widget\" data-widget_type=\"text-editor.default\">\n\t\t\t\t\t\t\t\t\tVous pouvez t\u00e9l\u00e9charger le r\u00e8glement en cliquant sur : <a href=\"https:\/\/kimple-fishing-cup.com\/wp-content\/uploads\/2025\/12\/Reglement-du-concours-18-12.pdf\" target=\"_blank\">T\u00e9l\u00e9charger le r\u00e8glement du concours<\/a>\t\t\t\t\t\t\t\t<\/div>\n\t\t\t\t\t<\/div>\n\t\t\t\t<\/div>\n\t\t\t\t<\/div>\n\t\t\t\t<\/div>\n\t\t","protected":false},"excerpt":{"rendered":"<p>R\u00e8glement du concours \u2014\u00a0 2 cat\u00e9gories Cat\u00e9gorie 1 : 20 \u00e9quipes de 2 personnes avec barque Kimple avec technologie live. [&hellip;]<\/p>\n","protected":false},"author":1,"featured_media":0,"parent":0,"menu_order":0,"comment_status":"closed","ping_status":"closed","template":"","meta":{"site-sidebar-layout":"no-sidebar","site-content-layout":"","ast-site-content-layout":"full-width-container","site-content-style":"default","site-sidebar-style":"default","ast-global-header-display":"","ast-banner-title-visibility":"","ast-main-header-display":"","ast-hfb-above-header-display":"","ast-hfb-below-header-display":"","ast-hfb-mobile-header-display":"","site-post-title":"disabled","ast-breadcrumbs-content":"","ast-featured-img":"disabled","footer-sml-layout":"","ast-disable-related-posts":"","theme-transparent-header-meta":"","adv-header-id-meta":"","stick-header-meta":"","header-above-stick-meta":"","header-main-stick-meta":"","header-below-stick-meta":"","astra-migrate-meta-layouts":"default","ast-page-background-enabled":"default","ast-page-background-meta":{"desktop":{"background-color":"var(--ast-global-color-5)","background-image":"","background-repeat":"repeat","background-position":"center center","background-size":"auto","background-attachment":"scroll","background-type":"","background-media":"","overlay-type":"","overlay-color":"","overlay-opacity":"","overlay-gradient":""},"tablet":{"background-color":"","background-image":"","background-repeat":"repeat","background-position":"center center","background-size":"auto","background-attachment":"scroll","background-type":"","background-media":"","overlay-type":"","overlay-color":"","overlay-opacity":"","overlay-gradient":""},"mobile":{"background-color":"","background-image":"","background-repeat":"repeat","background-position":"center center","background-size":"auto","background-attachment":"scroll","background-type":"","background-media":"","overlay-type":"","overlay-color":"","overlay-opacity":"","overlay-gradient":""}},"ast-content-background-meta":{"desktop":{"background-color":"var(--ast-global-color-4)","background-image":"","background-repeat":"repeat","background-position":"center center","background-size":"auto","background-attachment":"scroll","background-type":"","background-media":"","overlay-type":"","overlay-color":"","overlay-opacity":"","overlay-gradient":""},"tablet":{"background-color":"var(--ast-global-color-4)","background-image":"","background-repeat":"repeat","background-position":"center center","background-size":"auto","background-attachment":"scroll","background-type":"","background-media":"","overlay-type":"","overlay-color":"","overlay-opacity":"","overlay-gradient":""},"mobile":{"background-color":"var(--ast-global-color-4)","background-image":"","background-repeat":"repeat","background-position":"center center","background-size":"auto","background-attachment":"scroll","background-type":"","background-media":"","overlay-type":"","overlay-color":"","overlay-opacity":"","overlay-gradient":""}},"footnotes":""},"class_list":["post-66","page","type-page","status-publish","hentry"],"jetpack_sharing_enabled":true,"_links":{"self":[{"href":"https:\/\/kimple-fishing-cup.com\/index.php\/wp-json\/wp\/v2\/pages\/66","targetHints":{"allow":["GET"]}}],"collection":[{"href":"https:\/\/kimple-fishing-cup.com\/index.php\/wp-json\/wp\/v2\/pages"}],"about":[{"href":"https:\/\/kimple-fishing-cup.com\/index.php\/wp-json\/wp\/v2\/types\/page"}],"author":[{"embeddable":true,"href":"https:\/\/kimple-fishing-cup.com\/index.php\/wp-json\/wp\/v2\/users\/1"}],"replies":[{"embeddable":true,"href":"https:\/\/kimple-fishing-cup.com\/index.php\/wp-json\/wp\/v2\/comments?post=66"}],"version-history":[{"count":40,"href":"https:\/\/kimple-fishing-cup.com\/index.php\/wp-json\/wp\/v2\/pages\/66\/revisions"}],"predecessor-version":[{"id":490,"href":"https:\/\/kimple-fishing-cup.com\/index.php\/wp-json\/wp\/v2\/pages\/66\/revisions\/490"}],"wp:attachment":[{"href":"https:\/\/kimple-fishing-cup.com\/index.php\/wp-json\/wp\/v2\/media?parent=66"}],"curies":[{"name":"wp","href":"https:\/\/api.w.org\/{rel}","templated":true}]}}